{"id":331,"date":"2025-01-14T19:20:51","date_gmt":"2025-01-14T19:20:51","guid":{"rendered":"https:\/\/vurruvalve.ee\/?page_id=331"},"modified":"2025-02-11T08:50:04","modified_gmt":"2025-02-11T08:50:04","slug":"privacy-policy","status":"publish","type":"page","link":"https:\/\/vurruvalve.ee\/en\/privaatsuspoliitika\/","title":{"rendered":"Privacy policy"},"content":{"rendered":"<section class=\"bde-section-331-100 bde-section\">\n  \n  \n\t\n\n\n\n<div class=\"section-container\"><div class=\"bde-columns-331-101 bde-columns\"><div class=\"bde-column-331-102 bde-column\">\n  \n  \n\t\n\n\n\n<div class=\"bde-rich-text-331-104 bde-rich-text breakdance-rich-text-styles\">\n<h1>Privacy policy<\/h1><p>K\u00e4esolev privaatsuspoliitika selgitab, kuidas Vurruvalve (edaspidi \u201emeie\u201c) kogub, kasutab ja kaitseb teie isikuandmeid. Privaatsuspoliitika kehtib veebilehe <a href=\"http:\/\/vurruvalve.ee\/en\/\">vurruvalve.ee<\/a> kasutamisel ning broneeringu p\u00e4ringute esitamisel.<\/p><p><strong>1. Vastutav t\u00f6\u00f6tleja<\/strong><\/p><p>Vastutav t\u00f6\u00f6tleja on:<br \/>Vurruvalve<br \/>E-post: <a href=\"mailto:vurruvalve@gmail.com\">vurruvalve@gmail.com<\/a><br \/>Telefon: <a href=\"tel: +372 5668 9002\">+372 5668 9002<\/a><\/p><p>\u00a0<\/p><p><strong>2. Kogutavad andmed<\/strong><\/p><p>Meie veebilehe kasutamisel ja broneeringuvormi t\u00e4itmisel kogume j\u00e4rgmist teavet:<\/p><ul><li><strong>Broneeringu p\u00e4ringuvormis esitatud andmed:<\/strong><ul><li>Nimi (kohustuslik)<\/li><li>Meiliaadress (kohustuslik)<\/li><li>Telefoninumber (kohustuslik)<\/li><li>Looma(de) kirjeldus ja asukoht (kohustuslik)<\/li><\/ul><\/li><\/ul><ul><li><strong>Tehnilised andmed:<\/strong><ul><li>K\u00fcpsiste abil kogutav teave (nt Google Analyticsi kaudu kogutud anon\u00fc\u00fcmsed andmed veebilehe kasutamise kohta).<\/li><\/ul><\/li><\/ul><ul><li><strong>Messengeri ja WhatsAppi kaudu saadetud s\u00f5numid:<\/strong><ul><li>Messengeri kasutamiseks suunatakse teid otse Facebooki vestluskeskkonda.<\/li><li>WhatsAppi s\u00f5numid saadetakse meie s\u00fcsteemist edasi WhatsAppi rakendusse.<\/li><\/ul><\/li><\/ul><p>\u00a0<\/p><p><strong>3. Andmete kasutamise eesm\u00e4rgid<\/strong><\/p><p>Kogutud isikuandmeid kasutame j\u00e4rgmistel eesm\u00e4rkidel:<\/p><ul><li>Broneeringu p\u00e4ringute t\u00f6\u00f6tlemiseks ja teenuste osutamiseks.<\/li><li>Teiega suhtlemiseks ja k\u00fcsimustele vastamiseks.<\/li><li>Teenuste parandamiseks, kasutades veebilehe kasutamise kohta kogutud anon\u00fc\u00fcmseid andmeid.<\/li><\/ul><p>\u00a0<\/p><p><strong>4. Andmete s\u00e4ilitamine<\/strong><\/p><ul><li>Broneeringuvormis esitatud andmeid s\u00e4ilitatakse veebilehe andmebaasis nii kaua kui need vajalikud on.<\/li><li>K\u00fcpsiste andmeid s\u00e4ilitatakse vastavalt Google Analyticsi privaatsustingimustele.<\/li><\/ul><p>\u00a0<\/p><p><strong>5. Andmete jagamine kolmandate osapooltega<\/strong><\/p><p>Me ei edasta teie isikuandmeid kolmandatele osapooltele, v\u00e4lja arvatud juhul, kui see on vajalik teenuse osutamiseks (nt Messengeri v\u00f5i WhatsAppi suhtluse kaudu) v\u00f5i seadusest tulenevalt.<\/p><p>\u00a0<\/p><p><strong>6. Teie \u00f5igused<\/strong><\/p><p>Teil on \u00f5igus:<\/p><ul><li>P\u00e4rida teavet selle kohta, milliseid andmeid me teie kohta kogume.<\/li><li>Taotleda oma isikuandmete parandamist v\u00f5i kustutamist.<\/li><li>Esitada vastuv\u00e4iteid andmete t\u00f6\u00f6tlemise osas.<\/li><li>Soovi korral saatke oma p\u00e4ring e-posti aadressile <a href=\"mailto:vurruvalve@gmail.com\">vurruvalve@gmail.com<\/a>.<\/li><\/ul><p>\u00a0<\/p><p><strong>7. K\u00fcpsised ja anal\u00fc\u00fctika<\/strong><\/p><p>Meie veebileht kasutab Google Analyticsi k\u00fcpsiseid, et anal\u00fc\u00fcsida veebilehe kasutamist. K\u00fcpsised koguvad anon\u00fc\u00fcmset teavet, n\u00e4iteks k\u00fclastuste arvu ja lehe vaatamise sagedust.<\/p><p>\u00a0<\/p><p><strong>8. Kontakt<\/strong><\/p><p>Kui teil on k\u00fcsimusi privaatsuspoliitika kohta, v\u00f5tke meiega \u00fchendust:<br \/>E-post: <a href=\"mailto:vurruvalve@gmail.com\">vurruvalve@gmail.com<\/a><br \/>Telefon: <a href=\"tel: +372 5668 9002\">+372 5668 9002<\/a><\/p><p>Privaatsuspoliitika uuendamise kuup\u00e4ev: 18. jaanuar 2025<\/p><p>Vurruvalve j\u00e4tab endale \u00f5iguse k\u00e4esolevat privaatsuspoliitikat igal ajal muuta, avaldades uuendatud versiooni oma veebilehel.<\/p>\n<\/div>\n<\/div><\/div><\/div>\n<\/section>","protected":false},"excerpt":{"rendered":"<p>PrivaatsuspoliitikaK\u00e4esolev privaatsuspoliitika selgitab, kuidas Vurruvalve (edaspidi \u201emeie\u201c) kogub, kasutab ja kaitseb teie isikuandmeid. Privaatsuspoliitika kehtib veebilehe vurruvalve.ee kasutamisel ning broneeringu p\u00e4ringute esitamisel.1. Vastutav t\u00f6\u00f6tlejaVastutav t\u00f6\u00f6tleja on:VurruvalveE-post: vurruvalve@gmail.comTelefon: +372 5668 9002\u00a02. Kogutavad andmedMeie veebilehe kasutamisel ja broneeringuvormi t\u00e4itmisel kogume j\u00e4rgmist teavet:Broneeringu p\u00e4ringuvormis esitatud andmed:Nimi (kohustuslik)Meiliaadress (kohustuslik)Telefoninumber (kohustuslik)Looma(de) kirjeldus ja asukoht (kohustuslik)Tehnilised andmed:K\u00fcpsiste abil kogutav teave (nt [&hellip;]<\/p>\n","protected":false},"author":2,"featured_media":0,"parent":0,"menu_order":0,"comment_status":"closed","ping_status":"closed","template":"","meta":{"_breakdance_hide_in_design_set":false,"_breakdance_tags":"","footnotes":""},"class_list":["post-331","page","type-page","status-publish","hentry"],"yoast_head":"<!-- This site is optimized with the Yoast SEO plugin v27.5 - https:\/\/yoast.com\/product\/yoast-seo-wordpress\/ -->\n<title>Privaatsuspoliitika<\/title>\n<meta name=\"description\" content=\"privaatsuspoliitika\" \/>\n<meta name=\"robots\" content=\"index, follow, max-snippet:-1, max-image-preview:large, max-video-preview:-1\" \/>\n<link rel=\"canonical\" href=\"https:\/\/vurruvalve.ee\/en\/privacy-policy\/\" \/>\n<meta property=\"og:locale\" content=\"en_US\" \/>\n<meta property=\"og:type\" content=\"article\" \/>\n<meta property=\"og:title\" content=\"Privaatsuspoliitika\" \/>\n<meta property=\"og:description\" content=\"privaatsuspoliitika\" \/>\n<meta property=\"og:url\" content=\"https:\/\/vurruvalve.ee\/en\/privacy-policy\/\" \/>\n<meta property=\"og:site_name\" content=\"Vurruvalve\" \/>\n<meta property=\"article:publisher\" content=\"https:\/\/www.facebook.com\/vurruvalve\" \/>\n<meta property=\"article:modified_time\" content=\"2025-02-11T08:50:04+00:00\" \/>\n<meta property=\"og:image\" content=\"https:\/\/vurruvalve.ee\/wp-content\/uploads\/2025\/02\/final_og_image.png\" \/>\n\t<meta property=\"og:image:width\" content=\"1200\" \/>\n\t<meta property=\"og:image:height\" content=\"630\" \/>\n\t<meta property=\"og:image:type\" content=\"image\/png\" \/>\n<meta name=\"twitter:card\" content=\"summary_large_image\" \/>\n<script type=\"application\/ld+json\" class=\"yoast-schema-graph\">{\"@context\":\"https:\\\/\\\/schema.org\",\"@graph\":[{\"@type\":\"WebPage\",\"@id\":\"https:\\\/\\\/vurruvalve.ee\\\/privaatsuspoliitika\\\/\",\"url\":\"https:\\\/\\\/vurruvalve.ee\\\/privaatsuspoliitika\\\/\",\"name\":\"Privaatsuspoliitika\",\"isPartOf\":{\"@id\":\"https:\\\/\\\/vurruvalve.ee\\\/#website\"},\"datePublished\":\"2025-01-14T19:20:51+00:00\",\"dateModified\":\"2025-02-11T08:50:04+00:00\",\"description\":\"privaatsuspoliitika\",\"breadcrumb\":{\"@id\":\"https:\\\/\\\/vurruvalve.ee\\\/privaatsuspoliitika\\\/#breadcrumb\"},\"inLanguage\":\"en-US\",\"potentialAction\":[{\"@type\":\"ReadAction\",\"target\":[\"https:\\\/\\\/vurruvalve.ee\\\/privaatsuspoliitika\\\/\"]}]},{\"@type\":\"BreadcrumbList\",\"@id\":\"https:\\\/\\\/vurruvalve.ee\\\/privaatsuspoliitika\\\/#breadcrumb\",\"itemListElement\":[{\"@type\":\"ListItem\",\"position\":1,\"name\":\"Home\",\"item\":\"https:\\\/\\\/vurruvalve.ee\\\/\"},{\"@type\":\"ListItem\",\"position\":2,\"name\":\"Privaatsuspoliitika\"}]},{\"@type\":\"WebSite\",\"@id\":\"https:\\\/\\\/vurruvalve.ee\\\/#website\",\"url\":\"https:\\\/\\\/vurruvalve.ee\\\/\",\"name\":\"Vurruvalve\",\"description\":\"\",\"publisher\":{\"@id\":\"https:\\\/\\\/vurruvalve.ee\\\/#organization\"},\"potentialAction\":[{\"@type\":\"SearchAction\",\"target\":{\"@type\":\"EntryPoint\",\"urlTemplate\":\"https:\\\/\\\/vurruvalve.ee\\\/?s={search_term_string}\"},\"query-input\":{\"@type\":\"PropertyValueSpecification\",\"valueRequired\":true,\"valueName\":\"search_term_string\"}}],\"inLanguage\":\"en-US\"},{\"@type\":\"Organization\",\"@id\":\"https:\\\/\\\/vurruvalve.ee\\\/#organization\",\"name\":\"Vurruvalve\",\"url\":\"https:\\\/\\\/vurruvalve.ee\\\/\",\"logo\":{\"@type\":\"ImageObject\",\"inLanguage\":\"en-US\",\"@id\":\"https:\\\/\\\/vurruvalve.ee\\\/#\\\/schema\\\/logo\\\/image\\\/\",\"url\":\"https:\\\/\\\/vurruvalve.ee\\\/wp-content\\\/uploads\\\/2025\\\/02\\\/final_og_image-1.png\",\"contentUrl\":\"https:\\\/\\\/vurruvalve.ee\\\/wp-content\\\/uploads\\\/2025\\\/02\\\/final_og_image-1.png\",\"width\":1200,\"height\":630,\"caption\":\"Vurruvalve\"},\"image\":{\"@id\":\"https:\\\/\\\/vurruvalve.ee\\\/#\\\/schema\\\/logo\\\/image\\\/\"},\"sameAs\":[\"https:\\\/\\\/www.facebook.com\\\/vurruvalve\",\"https:\\\/\\\/www.instagram.com\\\/vurruvalve\\\/\"]}]}<\/script>\n<!-- \/ Yoast SEO plugin. -->","yoast_head_json":{"title":"Privacy policy","description":"privaatsuspoliitika","robots":{"index":"index","follow":"follow","max-snippet":"max-snippet:-1","max-image-preview":"max-image-preview:large","max-video-preview":"max-video-preview:-1"},"canonical":"https:\/\/vurruvalve.ee\/en\/privacy-policy\/","og_locale":"en_US","og_type":"article","og_title":"Privaatsuspoliitika","og_description":"privaatsuspoliitika","og_url":"https:\/\/vurruvalve.ee\/en\/privacy-policy\/","og_site_name":"Vurruvalve","article_publisher":"https:\/\/www.facebook.com\/vurruvalve","article_modified_time":"2025-02-11T08:50:04+00:00","og_image":[{"width":1200,"height":630,"url":"https:\/\/vurruvalve.ee\/wp-content\/uploads\/2025\/02\/final_og_image.png","type":"image\/png"}],"twitter_card":"summary_large_image","schema":{"@context":"https:\/\/schema.org","@graph":[{"@type":"WebPage","@id":"https:\/\/vurruvalve.ee\/privaatsuspoliitika\/","url":"https:\/\/vurruvalve.ee\/privaatsuspoliitika\/","name":"Privacy policy","isPartOf":{"@id":"https:\/\/vurruvalve.ee\/#website"},"datePublished":"2025-01-14T19:20:51+00:00","dateModified":"2025-02-11T08:50:04+00:00","description":"privaatsuspoliitika","breadcrumb":{"@id":"https:\/\/vurruvalve.ee\/privaatsuspoliitika\/#breadcrumb"},"inLanguage":"en-US","potentialAction":[{"@type":"ReadAction","target":["https:\/\/vurruvalve.ee\/privaatsuspoliitika\/"]}]},{"@type":"BreadcrumbList","@id":"https:\/\/vurruvalve.ee\/privaatsuspoliitika\/#breadcrumb","itemListElement":[{"@type":"ListItem","position":1,"name":"Home","item":"https:\/\/vurruvalve.ee\/"},{"@type":"ListItem","position":2,"name":"Privaatsuspoliitika"}]},{"@type":"WebSite","@id":"https:\/\/vurruvalve.ee\/#website","url":"https:\/\/vurruvalve.ee\/","name":"Vurruvalve","description":"","publisher":{"@id":"https:\/\/vurruvalve.ee\/#organization"},"potentialAction":[{"@type":"SearchAction","target":{"@type":"EntryPoint","urlTemplate":"https:\/\/vurruvalve.ee\/?s={search_term_string}"},"query-input":{"@type":"PropertyValueSpecification","valueRequired":true,"valueName":"search_term_string"}}],"inLanguage":"en-US"},{"@type":"Organization","@id":"https:\/\/vurruvalve.ee\/#organization","name":"Vurruvalve","url":"https:\/\/vurruvalve.ee\/","logo":{"@type":"ImageObject","inLanguage":"en-US","@id":"https:\/\/vurruvalve.ee\/#\/schema\/logo\/image\/","url":"https:\/\/vurruvalve.ee\/wp-content\/uploads\/2025\/02\/final_og_image-1.png","contentUrl":"https:\/\/vurruvalve.ee\/wp-content\/uploads\/2025\/02\/final_og_image-1.png","width":1200,"height":630,"caption":"Vurruvalve"},"image":{"@id":"https:\/\/vurruvalve.ee\/#\/schema\/logo\/image\/"},"sameAs":["https:\/\/www.facebook.com\/vurruvalve","https:\/\/www.instagram.com\/vurruvalve\/"]}]}},"_links":{"self":[{"href":"https:\/\/vurruvalve.ee\/en\/wp-json\/wp\/v2\/pages\/331","targetHints":{"allow":["GET"]}}],"collection":[{"href":"https:\/\/vurruvalve.ee\/en\/wp-json\/wp\/v2\/pages"}],"about":[{"href":"https:\/\/vurruvalve.ee\/en\/wp-json\/wp\/v2\/types\/page"}],"author":[{"embeddable":true,"href":"https:\/\/vurruvalve.ee\/en\/wp-json\/wp\/v2\/users\/2"}],"replies":[{"embeddable":true,"href":"https:\/\/vurruvalve.ee\/en\/wp-json\/wp\/v2\/comments?post=331"}],"version-history":[{"count":3,"href":"https:\/\/vurruvalve.ee\/en\/wp-json\/wp\/v2\/pages\/331\/revisions"}],"predecessor-version":[{"id":384,"href":"https:\/\/vurruvalve.ee\/en\/wp-json\/wp\/v2\/pages\/331\/revisions\/384"}],"wp:attachment":[{"href":"https:\/\/vurruvalve.ee\/en\/wp-json\/wp\/v2\/media?parent=331"}],"curies":[{"name":"wp","href":"https:\/\/api.w.org\/{rel}","templated":true}]}}