{"id":447,"date":"2025-05-02T12:52:10","date_gmt":"2025-05-02T12:52:10","guid":{"rendered":"https:\/\/vurruvalve.ee\/?page_id=447"},"modified":"2025-05-02T13:06:20","modified_gmt":"2025-05-02T13:06:20","slug":"blog","status":"publish","type":"page","link":"https:\/\/vurruvalve.ee\/en\/blogi\/","title":{"rendered":"Blog"},"content":{"rendered":"<section class=\"bde-section-447-100 bde-section\">\n  \n  \n\t\n\n\n\n<div class=\"section-container\"><div class=\"bde-post-list-447-101 bde-post-list\"><div class=\"bde-loop bde-loop-grid ee-posts ee-posts-grid\">    <article class=\"bde-loop-item ee-post\">\n                                <a class=\"bde-loop-item__image-link ee-post-image-link\" href=\"https:\/\/vurruvalve.ee\/en\/lemmikloomahoid\/professionaalne-lemmikloomahoid\/\" tabindex=\"-1\">\n                <div class=\"bde-loop-item__image ee-post-image\">\n                    <img loading=\"lazy\" decoding=\"async\" width=\"1778\" height=\"1210\" src=\"https:\/\/vurruvalve.ee\/wp-content\/uploads\/2026\/04\/PXL_20250702_1720050162-e1775139319864.jpg\" class=\"attachment-full size-full wp-post-image\" alt=\"Professional Pet Sitting: Why It\u2019s About Trust and Responsibility\" srcset=\"https:\/\/vurruvalve.ee\/wp-content\/uploads\/2026\/04\/PXL_20250702_1720050162-e1775139319864.jpg 1778w, https:\/\/vurruvalve.ee\/wp-content\/uploads\/2026\/04\/PXL_20250702_1720050162-e1775139319864-300x204.jpg 300w, https:\/\/vurruvalve.ee\/wp-content\/uploads\/2026\/04\/PXL_20250702_1720050162-e1775139319864-1024x697.jpg 1024w, https:\/\/vurruvalve.ee\/wp-content\/uploads\/2026\/04\/PXL_20250702_1720050162-e1775139319864-768x523.jpg 768w, https:\/\/vurruvalve.ee\/wp-content\/uploads\/2026\/04\/PXL_20250702_1720050162-e1775139319864-1536x1045.jpg 1536w, https:\/\/vurruvalve.ee\/wp-content\/uploads\/2026\/04\/PXL_20250702_1720050162-e1775139319864-18x12.jpg 18w\" sizes=\"auto, (max-width: 1778px) 100vw, 1778px\" \/>                <\/div>\n            <\/a>\n        \n        \n        <div class=\"bde-loop-item__wrap ee-post-wrap\">\n            \n                            <h3 class=\"ee-post-title\" >\n                    <a class=\"bde-loop-item__title-link ee-post-title-link\" href=\"https:\/\/vurruvalve.ee\/en\/lemmikloomahoid\/professionaalne-lemmikloomahoid\/\"  tabindex=\"-1\">\n                        Professional Pet Sitting: Why It\u2019s About Trust and Responsibility                    <\/a>\n                <\/h3>\n                            <div class=\"bde-loop-item__post-meta ee-post-meta\">\n                                                                                <span class=\"bde-loop-item__meta-date bde-loop-item__meta-item ee-post-meta-date ee-post-meta-item\">\n                                    April 2, 2026                                <\/span>\n                                                \n                <\/div>\n                            <div class=\"bde-loop-item__content ee-post-content\">\n                    Lemmikule hoidja leidmine on keeruline ja sageli ebamugav \u00fclesanne. On privileeg, kui Sul on p\u00fchendunud l\u00e4hedane, kes teeb seda s\u00fcdamest ja r\u00f5\u00f5muga. Enamasti on see ka v\u00e4ga hea lahendus. Kui&hellip;                <\/div>\n            \n        \n    \n    \n    \n                            \n            \n                    \n            \n            \n\n    \n    \n    \n    \n                            \n    <a class=\"breakdance-link button-atom button-atom--primary bde-loop-item__button ee-post-button\" href=\"https:\/\/vurruvalve.ee\/en\/lemmikloomahoid\/professionaalne-lemmikloomahoid\/\" target=\"_self\" data-type=\"url\"  aria-label=\"Read more about Professionaalne lemmikloomahoid: miks on see usalduse k\u00f5rval ka vastutuse k\u00fcsimus?\" >\n\n    \n        <span class=\"button-atom__text\">Read more<\/span>\n\n        \n        \n                <\/a>\n\n    \n\n\n\n\n            \n        <\/div>\n\n    <\/article>\n\n    <article class=\"bde-loop-item ee-post\">\n                                <a class=\"bde-loop-item__image-link ee-post-image-link\" href=\"https:\/\/vurruvalve.ee\/en\/lemmikloomahoid\/ettevalmistus-loomahoiuks\/\" tabindex=\"-1\">\n                <div class=\"bde-loop-item__image ee-post-image\">\n                    <img loading=\"lazy\" decoding=\"async\" width=\"1780\" height=\"2180\" src=\"https:\/\/vurruvalve.ee\/wp-content\/uploads\/2026\/03\/PXL_20260218_1758341782-scaled-e1773388206236.jpg\" class=\"attachment-full size-full wp-post-image\" alt=\"Preparing for Pet Sitting: A Checklist for a Worry-Free Holiday\" srcset=\"https:\/\/vurruvalve.ee\/wp-content\/uploads\/2026\/03\/PXL_20260218_1758341782-scaled-e1773388206236.jpg 1780w, https:\/\/vurruvalve.ee\/wp-content\/uploads\/2026\/03\/PXL_20260218_1758341782-scaled-e1773388206236-245x300.jpg 245w, https:\/\/vurruvalve.ee\/wp-content\/uploads\/2026\/03\/PXL_20260218_1758341782-scaled-e1773388206236-836x1024.jpg 836w, https:\/\/vurruvalve.ee\/wp-content\/uploads\/2026\/03\/PXL_20260218_1758341782-scaled-e1773388206236-768x941.jpg 768w, https:\/\/vurruvalve.ee\/wp-content\/uploads\/2026\/03\/PXL_20260218_1758341782-scaled-e1773388206236-1254x1536.jpg 1254w, https:\/\/vurruvalve.ee\/wp-content\/uploads\/2026\/03\/PXL_20260218_1758341782-scaled-e1773388206236-1672x2048.jpg 1672w, https:\/\/vurruvalve.ee\/wp-content\/uploads\/2026\/03\/PXL_20260218_1758341782-scaled-e1773388206236-10x12.jpg 10w\" sizes=\"auto, (max-width: 1780px) 100vw, 1780px\" \/>                <\/div>\n            <\/a>\n        \n        \n        <div class=\"bde-loop-item__wrap ee-post-wrap\">\n            \n                            <h3 class=\"ee-post-title\" >\n                    <a class=\"bde-loop-item__title-link ee-post-title-link\" href=\"https:\/\/vurruvalve.ee\/en\/lemmikloomahoid\/ettevalmistus-loomahoiuks\/\"  tabindex=\"-1\">\n                        Preparing for Pet Sitting: A Checklist for a Worry-Free Holiday                    <\/a>\n                <\/h3>\n                            <div class=\"bde-loop-item__post-meta ee-post-meta\">\n                                                                                <span class=\"bde-loop-item__meta-date bde-loop-item__meta-item ee-post-meta-date ee-post-meta-item\">\n                                    March 11, 2026                                <\/span>\n                                                \n                <\/div>\n                            <div class=\"bde-loop-item__content ee-post-content\">\n                    Lemmikule hoidja leitud, kohvrid pakitud ja puhkus v\u00f5ib alata! Selleks, et saaksid reisil olles p\u00e4riselt l\u00f5\u00f5gastuda, on p\u00f5hjalik ettevalmistus loomahoiuks \u00fclioluline. Nii on hoidjal k\u00f5ik vajalik k\u00e4ep\u00e4rast, looma rutiin p\u00fcsib&hellip;                <\/div>\n            \n        \n    \n    \n    \n                            \n            \n                    \n            \n            \n\n    \n    \n    \n    \n                            \n    <a class=\"breakdance-link button-atom button-atom--primary bde-loop-item__button ee-post-button\" href=\"https:\/\/vurruvalve.ee\/en\/lemmikloomahoid\/ettevalmistus-loomahoiuks\/\" target=\"_self\" data-type=\"url\"  aria-label=\"Read more about Ettevalmistus loomahoiuks: meelespea muretuks puhkuseks\" >\n\n    \n        <span class=\"button-atom__text\">Read more<\/span>\n\n        \n        \n                <\/a>\n\n    \n\n\n\n\n            \n        <\/div>\n\n    <\/article>\n\n    <article class=\"bde-loop-item ee-post\">\n                                <a class=\"bde-loop-item__image-link ee-post-image-link\" href=\"https:\/\/vurruvalve.ee\/en\/lemmikloomahoid\/tutvumisvisiit-loomahoid\/\" tabindex=\"-1\">\n                <div class=\"bde-loop-item__image ee-post-image\">\n                    <img loading=\"lazy\" decoding=\"async\" width=\"1917\" height=\"1440\" src=\"https:\/\/vurruvalve.ee\/wp-content\/uploads\/2026\/02\/588966076_17891745036369013_1262677077035508639_n-1-rotated.jpg\" class=\"attachment-full size-full wp-post-image\" alt=\"Tutvumisvisiit &#8211; vastastikuse usalduse ja koost\u00f6\u00f6 alus\" srcset=\"https:\/\/vurruvalve.ee\/wp-content\/uploads\/2026\/02\/588966076_17891745036369013_1262677077035508639_n-1-rotated.jpg 1917w, https:\/\/vurruvalve.ee\/wp-content\/uploads\/2026\/02\/588966076_17891745036369013_1262677077035508639_n-1-300x225.jpg 300w, https:\/\/vurruvalve.ee\/wp-content\/uploads\/2026\/02\/588966076_17891745036369013_1262677077035508639_n-1-1024x769.jpg 1024w, https:\/\/vurruvalve.ee\/wp-content\/uploads\/2026\/02\/588966076_17891745036369013_1262677077035508639_n-1-768x577.jpg 768w, https:\/\/vurruvalve.ee\/wp-content\/uploads\/2026\/02\/588966076_17891745036369013_1262677077035508639_n-1-1536x1154.jpg 1536w, https:\/\/vurruvalve.ee\/wp-content\/uploads\/2026\/02\/588966076_17891745036369013_1262677077035508639_n-1-16x12.jpg 16w\" sizes=\"auto, (max-width: 1917px) 100vw, 1917px\" \/>                <\/div>\n            <\/a>\n        \n        \n        <div class=\"bde-loop-item__wrap ee-post-wrap\">\n            \n                            <h3 class=\"ee-post-title\" >\n                    <a class=\"bde-loop-item__title-link ee-post-title-link\" href=\"https:\/\/vurruvalve.ee\/en\/lemmikloomahoid\/tutvumisvisiit-loomahoid\/\"  tabindex=\"-1\">\n                        Meet &amp; Greet \u2013 A Foundation for Mutual Trust and Cooperation                    <\/a>\n                <\/h3>\n                            <div class=\"bde-loop-item__post-meta ee-post-meta\">\n                                                                                <span class=\"bde-loop-item__meta-date bde-loop-item__meta-item ee-post-meta-date ee-post-meta-item\">\n                                    February 16, 2026                                <\/span>\n                                                \n                <\/div>\n                            <div class=\"bde-loop-item__content ee-post-content\">\n                    Iga pikaajaline ja kindel suhe saab alguse esimesest kohtumisest. Vurruvalve jaoks on oluline, et nii sina kui su lemmik tunneksite end hoidjaga turvaliselt. Seet\u00f5ttu algab meie koost\u00f6\u00f6 alati tutvumisvisiidiga. See&hellip;                <\/div>\n            \n        \n    \n    \n    \n                            \n            \n                    \n            \n            \n\n    \n    \n    \n    \n                            \n    <a class=\"breakdance-link button-atom button-atom--primary bde-loop-item__button ee-post-button\" href=\"https:\/\/vurruvalve.ee\/en\/lemmikloomahoid\/tutvumisvisiit-loomahoid\/\" target=\"_self\" data-type=\"url\"  aria-label=\"Read more about Tutvumisvisiit &#8211; vastastikuse usalduse ja koost\u00f6\u00f6 alus\" >\n\n    \n        <span class=\"button-atom__text\">Read more<\/span>\n\n        \n        \n                <\/a>\n\n    \n\n\n\n\n            \n        <\/div>\n\n    <\/article>\n\n    <article class=\"bde-loop-item ee-post\">\n                                <a class=\"bde-loop-item__image-link ee-post-image-link\" href=\"https:\/\/vurruvalve.ee\/en\/lemmikloomahoid\/lemmikloomade-hoiuteenus-kodus\/\" tabindex=\"-1\">\n                <div class=\"bde-loop-item__image ee-post-image\">\n                    <img loading=\"lazy\" decoding=\"async\" width=\"2560\" height=\"1820\" src=\"https:\/\/vurruvalve.ee\/wp-content\/uploads\/2026\/02\/PXL_20251006_0902295822-scaled.jpg\" class=\"attachment-full size-full wp-post-image\" alt=\"Why Your Pet Deserves Care in Their Own Home\" srcset=\"https:\/\/vurruvalve.ee\/wp-content\/uploads\/2026\/02\/PXL_20251006_0902295822-scaled.jpg 2560w, https:\/\/vurruvalve.ee\/wp-content\/uploads\/2026\/02\/PXL_20251006_0902295822-300x213.jpg 300w, https:\/\/vurruvalve.ee\/wp-content\/uploads\/2026\/02\/PXL_20251006_0902295822-1024x728.jpg 1024w, https:\/\/vurruvalve.ee\/wp-content\/uploads\/2026\/02\/PXL_20251006_0902295822-768x546.jpg 768w, https:\/\/vurruvalve.ee\/wp-content\/uploads\/2026\/02\/PXL_20251006_0902295822-1536x1092.jpg 1536w, https:\/\/vurruvalve.ee\/wp-content\/uploads\/2026\/02\/PXL_20251006_0902295822-2048x1456.jpg 2048w, https:\/\/vurruvalve.ee\/wp-content\/uploads\/2026\/02\/PXL_20251006_0902295822-18x12.jpg 18w\" sizes=\"auto, (max-width: 2560px) 100vw, 2560px\" \/>                <\/div>\n            <\/a>\n        \n        \n        <div class=\"bde-loop-item__wrap ee-post-wrap\">\n            \n                            <h3 class=\"ee-post-title\" >\n                    <a class=\"bde-loop-item__title-link ee-post-title-link\" href=\"https:\/\/vurruvalve.ee\/en\/lemmikloomahoid\/lemmikloomade-hoiuteenus-kodus\/\"  tabindex=\"-1\">\n                        Why Your Pet Deserves Care in Their Own Home                    <\/a>\n                <\/h3>\n                            <div class=\"bde-loop-item__post-meta ee-post-meta\">\n                                                                                <span class=\"bde-loop-item__meta-date bde-loop-item__meta-item ee-post-meta-date ee-post-meta-item\">\n                                    January 20, 2026                                <\/span>\n                                                \n                <\/div>\n                            <div class=\"bde-loop-item__content ee-post-content\">\n                    From the start, Vurruvalve has built its service around an approach that prioritizes the animal\u2019s well-being and mental balance. Years of experience with animals have shown just how important a safe and stress-free...                <\/div>\n            \n        \n    \n    \n    \n                            \n            \n                    \n            \n            \n\n    \n    \n    \n    \n                            \n    <a class=\"breakdance-link button-atom button-atom--primary bde-loop-item__button ee-post-button\" href=\"https:\/\/vurruvalve.ee\/en\/lemmikloomahoid\/lemmikloomade-hoiuteenus-kodus\/\" target=\"_self\" data-type=\"url\"  aria-label=\"Read more about Miks pakub Vurruvalve lemmikloomade hoiuteenust ainult looma kodus?\" >\n\n    \n        <span class=\"button-atom__text\">Read more<\/span>\n\n        \n        \n                <\/a>\n\n    \n\n\n\n\n            \n        <\/div>\n\n    <\/article>\n\n    <article class=\"bde-loop-item ee-post\">\n                                <a class=\"bde-loop-item__image-link ee-post-image-link\" href=\"https:\/\/vurruvalve.ee\/en\/lemmikloomahoid\/vurruvalve-loomislugu\/\" tabindex=\"-1\">\n                <div class=\"bde-loop-item__image ee-post-image\">\n                    <img loading=\"lazy\" decoding=\"async\" width=\"2560\" height=\"2048\" src=\"https:\/\/vurruvalve.ee\/wp-content\/uploads\/2025\/05\/PXL_20250224_1122512853-scaled.jpg\" class=\"attachment-full size-full wp-post-image\" alt=\"How Did Vurruvalve Come to Life?\" srcset=\"https:\/\/vurruvalve.ee\/wp-content\/uploads\/2025\/05\/PXL_20250224_1122512853-scaled.jpg 2560w, https:\/\/vurruvalve.ee\/wp-content\/uploads\/2025\/05\/PXL_20250224_1122512853-300x240.jpg 300w, https:\/\/vurruvalve.ee\/wp-content\/uploads\/2025\/05\/PXL_20250224_1122512853-1024x819.jpg 1024w, https:\/\/vurruvalve.ee\/wp-content\/uploads\/2025\/05\/PXL_20250224_1122512853-768x614.jpg 768w, https:\/\/vurruvalve.ee\/wp-content\/uploads\/2025\/05\/PXL_20250224_1122512853-1536x1229.jpg 1536w, https:\/\/vurruvalve.ee\/wp-content\/uploads\/2025\/05\/PXL_20250224_1122512853-2048x1638.jpg 2048w, https:\/\/vurruvalve.ee\/wp-content\/uploads\/2025\/05\/PXL_20250224_1122512853-15x12.jpg 15w\" sizes=\"auto, (max-width: 2560px) 100vw, 2560px\" \/>                <\/div>\n            <\/a>\n        \n        \n        <div class=\"bde-loop-item__wrap ee-post-wrap\">\n            \n                            <h3 class=\"ee-post-title\" >\n                    <a class=\"bde-loop-item__title-link ee-post-title-link\" href=\"https:\/\/vurruvalve.ee\/en\/lemmikloomahoid\/vurruvalve-loomislugu\/\"  tabindex=\"-1\">\n                        How Did Vurruvalve Come to Life?                    <\/a>\n                <\/h3>\n                            <div class=\"bde-loop-item__post-meta ee-post-meta\">\n                                                                                <span class=\"bde-loop-item__meta-date bde-loop-item__meta-item ee-post-meta-date ee-post-meta-item\">\n                                    January 1, 2026                                <\/span>\n                                                \n                <\/div>\n                            <div class=\"bde-loop-item__content ee-post-content\">\n                    Working with animals has been my dream for as long as I can remember. I grew up surrounded by animals, volunteered in shelters and animal welfare organisations, and all my donations...                <\/div>\n            \n        \n    \n    \n    \n                            \n            \n                    \n            \n            \n\n    \n    \n    \n    \n                            \n    <a class=\"breakdance-link button-atom button-atom--primary bde-loop-item__button ee-post-button\" href=\"https:\/\/vurruvalve.ee\/en\/lemmikloomahoid\/vurruvalve-loomislugu\/\" target=\"_self\" data-type=\"url\"  aria-label=\"Read more about Kuidas s\u00fcndis Vurruvalve?\" >\n\n    \n        <span class=\"button-atom__text\">Read more<\/span>\n\n        \n        \n                <\/a>\n\n    \n\n\n\n\n            \n        <\/div>\n\n    <\/article>\n\n<\/div><\/div><\/div>\n<\/section>","protected":false},"excerpt":{"rendered":"","protected":false},"author":3,"featured_media":0,"parent":0,"menu_order":0,"comment_status":"closed","ping_status":"closed","template":"","meta":{"_breakdance_hide_in_design_set":false,"_breakdance_tags":"","footnotes":""},"class_list":["post-447","page","type-page","status-publish","hentry"],"yoast_head":"<!-- This site is optimized with the Yoast SEO plugin v27.6 - https:\/\/yoast.com\/product\/yoast-seo-wordpress\/ -->\n<title>Blogi<\/title>\n<meta name=\"robots\" content=\"index, follow, max-snippet:-1, max-image-preview:large, max-video-preview:-1\" \/>\n<link rel=\"canonical\" href=\"https:\/\/vurruvalve.ee\/en\/blog\/\" \/>\n<meta property=\"og:locale\" content=\"en_US\" \/>\n<meta property=\"og:type\" content=\"article\" \/>\n<meta property=\"og:title\" content=\"Blogi\" \/>\n<meta property=\"og:url\" content=\"https:\/\/vurruvalve.ee\/en\/blog\/\" \/>\n<meta property=\"og:site_name\" content=\"Vurruvalve\" \/>\n<meta property=\"article:publisher\" content=\"https:\/\/www.facebook.com\/vurruvalve\" \/>\n<meta property=\"article:modified_time\" content=\"2025-05-02T13:06:20+00:00\" \/>\n<meta property=\"og:image\" content=\"https:\/\/vurruvalve.ee\/wp-content\/uploads\/2025\/02\/final_og_image.png\" \/>\n\t<meta property=\"og:image:width\" content=\"1200\" \/>\n\t<meta property=\"og:image:height\" content=\"630\" \/>\n\t<meta property=\"og:image:type\" content=\"image\/png\" \/>\n<meta name=\"twitter:card\" content=\"summary_large_image\" \/>\n<script type=\"application\/ld+json\" class=\"yoast-schema-graph\">{\"@context\":\"https:\\\/\\\/schema.org\",\"@graph\":[{\"@type\":\"WebPage\",\"@id\":\"https:\\\/\\\/vurruvalve.ee\\\/blogi\\\/\",\"url\":\"https:\\\/\\\/vurruvalve.ee\\\/blogi\\\/\",\"name\":\"Blogi\",\"isPartOf\":{\"@id\":\"https:\\\/\\\/vurruvalve.ee\\\/#website\"},\"datePublished\":\"2025-05-02T12:52:10+00:00\",\"dateModified\":\"2025-05-02T13:06:20+00:00\",\"breadcrumb\":{\"@id\":\"https:\\\/\\\/vurruvalve.ee\\\/blogi\\\/#breadcrumb\"},\"inLanguage\":\"en-US\",\"potentialAction\":[{\"@type\":\"ReadAction\",\"target\":[\"https:\\\/\\\/vurruvalve.ee\\\/blogi\\\/\"]}]},{\"@type\":\"BreadcrumbList\",\"@id\":\"https:\\\/\\\/vurruvalve.ee\\\/blogi\\\/#breadcrumb\",\"itemListElement\":[{\"@type\":\"ListItem\",\"position\":1,\"name\":\"Home\",\"item\":\"https:\\\/\\\/vurruvalve.ee\\\/\"},{\"@type\":\"ListItem\",\"position\":2,\"name\":\"Blogi\"}]},{\"@type\":\"WebSite\",\"@id\":\"https:\\\/\\\/vurruvalve.ee\\\/#website\",\"url\":\"https:\\\/\\\/vurruvalve.ee\\\/\",\"name\":\"Vurruvalve\",\"description\":\"\",\"publisher\":{\"@id\":\"https:\\\/\\\/vurruvalve.ee\\\/#organization\"},\"potentialAction\":[{\"@type\":\"SearchAction\",\"target\":{\"@type\":\"EntryPoint\",\"urlTemplate\":\"https:\\\/\\\/vurruvalve.ee\\\/?s={search_term_string}\"},\"query-input\":{\"@type\":\"PropertyValueSpecification\",\"valueRequired\":true,\"valueName\":\"search_term_string\"}}],\"inLanguage\":\"en-US\"},{\"@type\":\"Organization\",\"@id\":\"https:\\\/\\\/vurruvalve.ee\\\/#organization\",\"name\":\"Vurruvalve\",\"url\":\"https:\\\/\\\/vurruvalve.ee\\\/\",\"logo\":{\"@type\":\"ImageObject\",\"inLanguage\":\"en-US\",\"@id\":\"https:\\\/\\\/vurruvalve.ee\\\/#\\\/schema\\\/logo\\\/image\\\/\",\"url\":\"https:\\\/\\\/vurruvalve.ee\\\/wp-content\\\/uploads\\\/2025\\\/02\\\/final_og_image-1.png\",\"contentUrl\":\"https:\\\/\\\/vurruvalve.ee\\\/wp-content\\\/uploads\\\/2025\\\/02\\\/final_og_image-1.png\",\"width\":1200,\"height\":630,\"caption\":\"Vurruvalve\"},\"image\":{\"@id\":\"https:\\\/\\\/vurruvalve.ee\\\/#\\\/schema\\\/logo\\\/image\\\/\"},\"sameAs\":[\"https:\\\/\\\/www.facebook.com\\\/vurruvalve\",\"https:\\\/\\\/www.instagram.com\\\/vurruvalve\\\/\"]}]}<\/script>\n<!-- \/ Yoast SEO plugin. -->","yoast_head_json":{"title":"Blog","robots":{"index":"index","follow":"follow","max-snippet":"max-snippet:-1","max-image-preview":"max-image-preview:large","max-video-preview":"max-video-preview:-1"},"canonical":"https:\/\/vurruvalve.ee\/en\/blog\/","og_locale":"en_US","og_type":"article","og_title":"Blogi","og_url":"https:\/\/vurruvalve.ee\/en\/blog\/","og_site_name":"Vurruvalve","article_publisher":"https:\/\/www.facebook.com\/vurruvalve","article_modified_time":"2025-05-02T13:06:20+00:00","og_image":[{"width":1200,"height":630,"url":"https:\/\/vurruvalve.ee\/wp-content\/uploads\/2025\/02\/final_og_image.png","type":"image\/png"}],"twitter_card":"summary_large_image","schema":{"@context":"https:\/\/schema.org","@graph":[{"@type":"WebPage","@id":"https:\/\/vurruvalve.ee\/blogi\/","url":"https:\/\/vurruvalve.ee\/blogi\/","name":"Blog","isPartOf":{"@id":"https:\/\/vurruvalve.ee\/#website"},"datePublished":"2025-05-02T12:52:10+00:00","dateModified":"2025-05-02T13:06:20+00:00","breadcrumb":{"@id":"https:\/\/vurruvalve.ee\/blogi\/#breadcrumb"},"inLanguage":"en-US","potentialAction":[{"@type":"ReadAction","target":["https:\/\/vurruvalve.ee\/blogi\/"]}]},{"@type":"BreadcrumbList","@id":"https:\/\/vurruvalve.ee\/blogi\/#breadcrumb","itemListElement":[{"@type":"ListItem","position":1,"name":"Home","item":"https:\/\/vurruvalve.ee\/"},{"@type":"ListItem","position":2,"name":"Blogi"}]},{"@type":"WebSite","@id":"https:\/\/vurruvalve.ee\/#website","url":"https:\/\/vurruvalve.ee\/","name":"Vurruvalve","description":"","publisher":{"@id":"https:\/\/vurruvalve.ee\/#organization"},"potentialAction":[{"@type":"SearchAction","target":{"@type":"EntryPoint","urlTemplate":"https:\/\/vurruvalve.ee\/?s={search_term_string}"},"query-input":{"@type":"PropertyValueSpecification","valueRequired":true,"valueName":"search_term_string"}}],"inLanguage":"en-US"},{"@type":"Organization","@id":"https:\/\/vurruvalve.ee\/#organization","name":"Vurruvalve","url":"https:\/\/vurruvalve.ee\/","logo":{"@type":"ImageObject","inLanguage":"en-US","@id":"https:\/\/vurruvalve.ee\/#\/schema\/logo\/image\/","url":"https:\/\/vurruvalve.ee\/wp-content\/uploads\/2025\/02\/final_og_image-1.png","contentUrl":"https:\/\/vurruvalve.ee\/wp-content\/uploads\/2025\/02\/final_og_image-1.png","width":1200,"height":630,"caption":"Vurruvalve"},"image":{"@id":"https:\/\/vurruvalve.ee\/#\/schema\/logo\/image\/"},"sameAs":["https:\/\/www.facebook.com\/vurruvalve","https:\/\/www.instagram.com\/vurruvalve\/"]}]}},"_links":{"self":[{"href":"https:\/\/vurruvalve.ee\/en\/wp-json\/wp\/v2\/pages\/447","targetHints":{"allow":["GET"]}}],"collection":[{"href":"https:\/\/vurruvalve.ee\/en\/wp-json\/wp\/v2\/pages"}],"about":[{"href":"https:\/\/vurruvalve.ee\/en\/wp-json\/wp\/v2\/types\/page"}],"author":[{"embeddable":true,"href":"https:\/\/vurruvalve.ee\/en\/wp-json\/wp\/v2\/users\/3"}],"replies":[{"embeddable":true,"href":"https:\/\/vurruvalve.ee\/en\/wp-json\/wp\/v2\/comments?post=447"}],"version-history":[{"count":4,"href":"https:\/\/vurruvalve.ee\/en\/wp-json\/wp\/v2\/pages\/447\/revisions"}],"predecessor-version":[{"id":462,"href":"https:\/\/vurruvalve.ee\/en\/wp-json\/wp\/v2\/pages\/447\/revisions\/462"}],"wp:attachment":[{"href":"https:\/\/vurruvalve.ee\/en\/wp-json\/wp\/v2\/media?parent=447"}],"curies":[{"name":"wp","href":"https:\/\/api.w.org\/{rel}","templated":true}]}}